{"id":80,"date":"2022-05-10T21:26:55","date_gmt":"2022-05-10T19:26:55","guid":{"rendered":"https:\/\/ecole-ohara-lyon.com\/?page_id=80"},"modified":"2022-07-09T16:52:50","modified_gmt":"2022-07-09T14:52:50","slug":"les-cours","status":"publish","type":"page","link":"https:\/\/ecole-ohara-lyon.com\/index.php\/les-cours\/","title":{"rendered":"Les cours"},"content":{"rendered":"\n<p>Un cours est mis en place \u00e0 partir de 4 personnes, avec un maximum de 8 personnes.<br>Dix cours sont organis\u00e9s de septembre \u00e0 juin pour chaque niveau.<br>L\u2019Association met \u00e0 disposition les v\u00e9g\u00e9taux et tout le mat\u00e9riel n\u00e9cessaire (vase, s\u00e9cateur et pique-fleurs).<br>Un Carnet de Cours individuel valide les cours suivis et permet de voir votre progression dans le curriculum de l&rsquo;\u00e9cole et demander les dipl\u00f4mes correspondants si vous le souhaitez.<\/p>\n\n\n\n<p><\/p>\n\n\n\n<div class=\"wp-block-buttons is-layout-flex wp-block-buttons-is-layout-flex\">\n<div class=\"wp-block-button is-style-outline is-style-outline--1\"><a class=\"wp-block-button__link\" href=\"niveau-introduction-a-likebana\">Niveau Introduction \u00e0 l&rsquo;Ikebana<\/a><\/div>\n<\/div>\n\n\n\n<p><\/p>\n\n\n\n<div class=\"wp-block-buttons is-layout-flex wp-block-buttons-is-layout-flex\">\n<div class=\"wp-block-button is-style-outline is-style-outline--2\"><a class=\"wp-block-button__link\" href=\"niveau-perfectionnement-1er-degre\">Niveau Perfectionnement 1er degr\u00e9<\/a><\/div>\n<\/div>\n\n\n\n<p><\/p>\n\n\n\n<div class=\"wp-block-buttons is-layout-flex wp-block-buttons-is-layout-flex\">\n<div class=\"wp-block-button is-style-outline is-style-outline--3\"><a class=\"wp-block-button__link\" href=\"niveau-perfectionnement-2e-degre\">Niveau Perfectionnement 2e degr\u00e9<\/a><\/div>\n<\/div>\n\n\n\n<p><\/p>\n\n\n\n<div class=\"wp-block-buttons is-layout-flex wp-block-buttons-is-layout-flex\">\n<div class=\"wp-block-button is-style-outline is-style-outline--4\"><a class=\"wp-block-button__link\" href=\"niveau-perfectionnement-3e-degre\">Niveau Perfectionnement 3e degr\u00e9<\/a><\/div>\n<\/div>\n\n\n\n<p><\/p>\n\n\n\n<div class=\"wp-block-buttons is-layout-flex wp-block-buttons-is-layout-flex\">\n<div class=\"wp-block-button is-style-outline is-style-outline--5\"><a class=\"wp-block-button__link\" href=\"niveau-perfectionnement-4e-degre\">Niveau Perfectionnement 4e degr\u00e9<\/a><\/div>\n<\/div>\n\n\n\n<p><\/p>\n","protected":false},"excerpt":{"rendered":"<p>Un cours est mis en place \u00e0 partir de 4 personnes, avec un maximum de 8 personnes.Dix cours sont organis\u00e9s de septembre \u00e0 juin pour chaque niveau.L\u2019Association met \u00e0 disposition les v\u00e9g\u00e9taux et tout le mat\u00e9riel n\u00e9cessaire (vase, s\u00e9cateur et &hellip; <a href=\"https:\/\/ecole-ohara-lyon.com\/index.php\/les-cours\/\">Continuer la lecture <span class=\"meta-nav\">&rarr;<\/span><\/a><\/p>\n","protected":false},"author":1,"featured_media":0,"parent":0,"menu_order":0,"comment_status":"closed","ping_status":"closed","template":"","meta":{"footnotes":""},"class_list":["post-80","page","type-page","status-publish","hentry"],"_links":{"self":[{"href":"https:\/\/ecole-ohara-lyon.com\/index.php\/wp-json\/wp\/v2\/pages\/80","targetHints":{"allow":["GET"]}}],"collection":[{"href":"https:\/\/ecole-ohara-lyon.com\/index.php\/wp-json\/wp\/v2\/pages"}],"about":[{"href":"https:\/\/ecole-ohara-lyon.com\/index.php\/wp-json\/wp\/v2\/types\/page"}],"author":[{"embeddable":true,"href":"https:\/\/ecole-ohara-lyon.com\/index.php\/wp-json\/wp\/v2\/users\/1"}],"replies":[{"embeddable":true,"href":"https:\/\/ecole-ohara-lyon.com\/index.php\/wp-json\/wp\/v2\/comments?post=80"}],"version-history":[{"count":25,"href":"https:\/\/ecole-ohara-lyon.com\/index.php\/wp-json\/wp\/v2\/pages\/80\/revisions"}],"predecessor-version":[{"id":636,"href":"https:\/\/ecole-ohara-lyon.com\/index.php\/wp-json\/wp\/v2\/pages\/80\/revisions\/636"}],"wp:attachment":[{"href":"https:\/\/ecole-ohara-lyon.com\/index.php\/wp-json\/wp\/v2\/media?parent=80"}],"curies":[{"name":"wp","href":"https:\/\/api.w.org\/{rel}","templated":true}]}}