{"id":6,"date":"2022-05-06T20:57:52","date_gmt":"2022-05-06T18:57:52","guid":{"rendered":"http:\/\/ecole-ohara-lyon.com\/?page_id=6"},"modified":"2022-07-09T07:37:29","modified_gmt":"2022-07-09T05:37:29","slug":"a-propos-de","status":"publish","type":"page","link":"https:\/\/ecole-ohara-lyon.com\/index.php\/a-propos-de\/","title":{"rendered":"La Voie des Fleurs  \u00a0"},"content":{"rendered":"<div class=\"wp-block-image\">\n<figure class=\"alignright size-large is-resized\"><img loading=\"lazy\" decoding=\"async\" src=\"https:\/\/ecole-ohara-lyon.com\/wp-content\/uploads\/2022\/07\/SHOHINKA-1-1024x1024.jpg\" alt=\"\" class=\"wp-image-575\" width=\"242\" height=\"242\" srcset=\"https:\/\/ecole-ohara-lyon.com\/wp-content\/uploads\/2022\/07\/SHOHINKA-1-1024x1024.jpg 1024w, https:\/\/ecole-ohara-lyon.com\/wp-content\/uploads\/2022\/07\/SHOHINKA-1-300x300.jpg 300w, https:\/\/ecole-ohara-lyon.com\/wp-content\/uploads\/2022\/07\/SHOHINKA-1-150x150.jpg 150w, https:\/\/ecole-ohara-lyon.com\/wp-content\/uploads\/2022\/07\/SHOHINKA-1-768x769.jpg 768w, https:\/\/ecole-ohara-lyon.com\/wp-content\/uploads\/2022\/07\/SHOHINKA-1.jpg 1495w\" sizes=\"auto, (max-width: 242px) 100vw, 242px\" \/><\/figure>\n<\/div>\n\n\n<p>De loin la plus populaires des voies du Japon,  Kad\u00f4 : \u00ab\u00a0la voie des fleurs\u00a0\u00bb, est appel\u00e9e plus commun\u00e9ment : Ikebana.<\/p>\n\n\n\n<p>Les quatre saisons, chacune avec sa propre beaut\u00e9, ont nourri toute la culture japonaise.<br>Les apparences vari\u00e9es de la nature et le spectacle changeant des saisons ont fortement marqu\u00e9 la sensibilit\u00e9 du peuple japonais, et cette sensibilit\u00e9 a finalement trouv\u00e9 une expression dans l&rsquo;ikebana.<\/p>\n\n\n\n<p><strong>L\u2019esprit de l\u2019Ikebana \u2026<\/strong><br>\u00ab&nbsp; <em>Le&nbsp; fait&nbsp; que&nbsp; l\u2019Ikebana&nbsp; soit&nbsp; un&nbsp; reflet&nbsp; de&nbsp; la&nbsp; nature&nbsp; est&nbsp; chose&nbsp; bien&nbsp; connue&nbsp; \u2026&nbsp; C\u2019est&nbsp; comme&nbsp; si&nbsp; la&nbsp; forme&nbsp; des&nbsp; arrangements&nbsp; floraux suivait&nbsp; les&nbsp; m\u00e9tamorphoses&nbsp; d\u2019un&nbsp; paysage ;&nbsp; un&nbsp; assemblage&nbsp; de&nbsp; fleurs&nbsp; de&nbsp; printemps&nbsp; ou&nbsp; d\u2019automne&nbsp; refl\u00e8te&nbsp; le&nbsp; retour&nbsp; incessant&nbsp; des&nbsp; saisons ; des fleurs de certaines couleurs combin\u00e9es en un&nbsp; arrangement peuvent nous apporter la quintessence d\u2019un jour d\u2019\u00e9t\u00e9 ou \u00e9voquer pour nous le mois de juin au c\u0153ur de l\u2019hiver\u2026<\/em><br><em>Quiconque d\u00e9sire s\u2019exprimer par cette technique cr\u00e9atrice doit d\u2019abord regarder la nature, cette nature au sein de laquelle nous vivons et qui, elle aussi, vit avec nous. Peu importe les mat\u00e9riaux employ\u00e9s : fleurs de chez le fleuriste, simples fleurs de jardin ou m\u00eame&nbsp;&nbsp; herbes&nbsp;&nbsp; sauvages&nbsp;&nbsp; ou&nbsp;&nbsp; toutes&nbsp;&nbsp; plantes&nbsp;&nbsp; d\u00e9pourvues&nbsp;&nbsp; de&nbsp;&nbsp; fleurs.&nbsp;&nbsp; L\u2019essentiel&nbsp;&nbsp; est&nbsp;&nbsp; que&nbsp;&nbsp; l\u2019arrangement&nbsp;&nbsp; cr\u00e9\u00e9&nbsp;&nbsp; t\u00e9moigne&nbsp;&nbsp; d\u2019une observation sinc\u00e8re et d\u2019une compr\u00e9hension r\u00e9elle de la nature : c\u2019est l\u00e0 le centre m\u00eame du v\u00e9ritable esprit de l\u2019Ikebana . <\/em>\u00bb<\/p>\n\n\n\n<p>Houn Ohara (1908-1995)<br>III<sup>e<\/sup> Directeur de l\u2019\u00e9cole Ohara<\/p>\n\n\n\n<figure class=\"wp-block-image size-full is-resized\"><img loading=\"lazy\" decoding=\"async\" src=\"https:\/\/ecole-ohara-lyon.com\/wp-content\/uploads\/2022\/06\/Houn-OHARA-1-2.jpg\" alt=\"\" class=\"wp-image-385\" width=\"182\" height=\"182\" srcset=\"https:\/\/ecole-ohara-lyon.com\/wp-content\/uploads\/2022\/06\/Houn-OHARA-1-2.jpg 342w, https:\/\/ecole-ohara-lyon.com\/wp-content\/uploads\/2022\/06\/Houn-OHARA-1-2-300x300.jpg 300w, https:\/\/ecole-ohara-lyon.com\/wp-content\/uploads\/2022\/06\/Houn-OHARA-1-2-150x150.jpg 150w\" sizes=\"auto, (max-width: 182px) 100vw, 182px\" \/><\/figure>\n","protected":false},"excerpt":{"rendered":"<p>De loin la plus populaires des voies du Japon, Kad\u00f4 : \u00ab\u00a0la voie des fleurs\u00a0\u00bb, est appel\u00e9e plus commun\u00e9ment : Ikebana. Les quatre saisons, chacune avec sa propre beaut\u00e9, ont nourri toute la culture japonaise.Les apparences vari\u00e9es de la nature &hellip; <a href=\"https:\/\/ecole-ohara-lyon.com\/index.php\/a-propos-de\/\">Continuer la lecture <span class=\"meta-nav\">&rarr;<\/span><\/a><\/p>\n","protected":false},"author":1,"featured_media":0,"parent":0,"menu_order":0,"comment_status":"closed","ping_status":"closed","template":"","meta":{"footnotes":""},"class_list":["post-6","page","type-page","status-publish","hentry"],"_links":{"self":[{"href":"https:\/\/ecole-ohara-lyon.com\/index.php\/wp-json\/wp\/v2\/pages\/6","targetHints":{"allow":["GET"]}}],"collection":[{"href":"https:\/\/ecole-ohara-lyon.com\/index.php\/wp-json\/wp\/v2\/pages"}],"about":[{"href":"https:\/\/ecole-ohara-lyon.com\/index.php\/wp-json\/wp\/v2\/types\/page"}],"author":[{"embeddable":true,"href":"https:\/\/ecole-ohara-lyon.com\/index.php\/wp-json\/wp\/v2\/users\/1"}],"replies":[{"embeddable":true,"href":"https:\/\/ecole-ohara-lyon.com\/index.php\/wp-json\/wp\/v2\/comments?post=6"}],"version-history":[{"count":16,"href":"https:\/\/ecole-ohara-lyon.com\/index.php\/wp-json\/wp\/v2\/pages\/6\/revisions"}],"predecessor-version":[{"id":585,"href":"https:\/\/ecole-ohara-lyon.com\/index.php\/wp-json\/wp\/v2\/pages\/6\/revisions\/585"}],"wp:attachment":[{"href":"https:\/\/ecole-ohara-lyon.com\/index.php\/wp-json\/wp\/v2\/media?parent=6"}],"curies":[{"name":"wp","href":"https:\/\/api.w.org\/{rel}","templated":true}]}}