{"id":546,"date":"2022-07-05T15:27:33","date_gmt":"2022-07-05T13:27:33","guid":{"rendered":"https:\/\/ecole-ohara-lyon.com\/?page_id=546"},"modified":"2022-07-09T17:11:39","modified_gmt":"2022-07-09T15:11:39","slug":"kiku","status":"publish","type":"page","link":"https:\/\/ecole-ohara-lyon.com\/index.php\/kiku\/","title":{"rendered":"\u83ca &#8230; KIKU"},"content":{"rendered":"<div class=\"wp-block-image\">\n<figure class=\"alignright size-large is-resized\"><img loading=\"lazy\" decoding=\"async\" src=\"https:\/\/ecole-ohara-lyon.com\/wp-content\/uploads\/2022\/07\/chrysantheme-1-1.jpg\" alt=\"\" class=\"wp-image-535\" width=\"181\" height=\"143\" srcset=\"https:\/\/ecole-ohara-lyon.com\/wp-content\/uploads\/2022\/07\/chrysantheme-1-1.jpg 2332w, https:\/\/ecole-ohara-lyon.com\/wp-content\/uploads\/2022\/07\/chrysantheme-1-1-300x238.jpg 300w, https:\/\/ecole-ohara-lyon.com\/wp-content\/uploads\/2022\/07\/chrysantheme-1-1-1024x811.jpg 1024w, https:\/\/ecole-ohara-lyon.com\/wp-content\/uploads\/2022\/07\/chrysantheme-1-1-768x608.jpg 768w, https:\/\/ecole-ohara-lyon.com\/wp-content\/uploads\/2022\/07\/chrysantheme-1-1-1536x1217.jpg 1536w, https:\/\/ecole-ohara-lyon.com\/wp-content\/uploads\/2022\/07\/chrysantheme-1-1-2048x1622.jpg 2048w\" sizes=\"auto, (max-width: 181px) 100vw, 181px\" \/><\/figure>\n<\/div>\n\n\n<p>Pourquoi LYON KIKU ?<br>En 2014, en collaboration avec le Conservatoire National du Chrysanth\u00e8me &#8211; Paul Lemaire &#8211; \u00e0 Saint Jean de Braye (45), nous avons organis\u00e9 une exposition \u00e0 l&rsquo;Orangerie du parc de la T\u00eate d&rsquo;Or.<br><br>En 2015, en reconnaissance de la contribution de l&rsquo;Association d&rsquo;Art Floral Japonais de Lyon \u00e0 la compr\u00e9hension mutuelle entre la France et le Japon, nous avons re\u00e7u des mains de Monsieur Kobayashi, Consul du Japon \u00e0 Lyon, le Dipl\u00f4me du Ministre des Affaires \u00c9trang\u00e8res du Japon.<br><br>C&rsquo;est donc tout naturellement, apr\u00e8s avoir travaill\u00e9 avec des chrysanth\u00e8mes d&rsquo;exception, et re\u00e7u ce Dipl\u00f4me, que nous avons choisi le terme \u00ab\u00a0Kiku\u00a0\u00bb qui veut dire Chrysanth\u00e8me pour le groupe de Lyon.<\/p>\n\n\n\n<p><\/p>\n\n\n\n<figure class=\"wp-block-image size-large is-resized\"><img loading=\"lazy\" decoding=\"async\" src=\"https:\/\/ecole-ohara-lyon.com\/wp-content\/uploads\/2022\/06\/2015-10-5-Diploma-of-the-Ministry-of-Foreing-Affair-of-Japan-1024x724.jpg\" alt=\"\" class=\"wp-image-449\" width=\"669\" height=\"473\" srcset=\"https:\/\/ecole-ohara-lyon.com\/wp-content\/uploads\/2022\/06\/2015-10-5-Diploma-of-the-Ministry-of-Foreing-Affair-of-Japan-1024x724.jpg 1024w, https:\/\/ecole-ohara-lyon.com\/wp-content\/uploads\/2022\/06\/2015-10-5-Diploma-of-the-Ministry-of-Foreing-Affair-of-Japan-300x212.jpg 300w, https:\/\/ecole-ohara-lyon.com\/wp-content\/uploads\/2022\/06\/2015-10-5-Diploma-of-the-Ministry-of-Foreing-Affair-of-Japan-768x543.jpg 768w, https:\/\/ecole-ohara-lyon.com\/wp-content\/uploads\/2022\/06\/2015-10-5-Diploma-of-the-Ministry-of-Foreing-Affair-of-Japan-1536x1086.jpg 1536w, https:\/\/ecole-ohara-lyon.com\/wp-content\/uploads\/2022\/06\/2015-10-5-Diploma-of-the-Ministry-of-Foreing-Affair-of-Japan-2048x1448.jpg 2048w\" sizes=\"auto, (max-width: 669px) 100vw, 669px\" \/><figcaption>Dipl\u00f4me du Ministre des Affaires \u00c9trang\u00e8res du Japon re\u00e7u \u00e0 Caluire le 15 octobre 20215<\/figcaption><\/figure>\n\n\n\n<div class=\"wp-block-buttons is-layout-flex wp-block-buttons-is-layout-flex\">\n<div class=\"wp-block-button\"><a class=\"wp-block-button__link\" href=\"https:\/\/ecole-ohara-lyon.com\/index.php\/lyon-kiku-sg\/\">Retour<\/a><\/div>\n<\/div>\n","protected":false},"excerpt":{"rendered":"<p>Pourquoi LYON KIKU ?En 2014, en collaboration avec le Conservatoire National du Chrysanth\u00e8me &#8211; Paul Lemaire &#8211; \u00e0 Saint Jean de Braye (45), nous avons organis\u00e9 une exposition \u00e0 l&rsquo;Orangerie du parc de la T\u00eate d&rsquo;Or. En 2015, en reconnaissance &hellip; <a href=\"https:\/\/ecole-ohara-lyon.com\/index.php\/kiku\/\">Continuer la lecture <span class=\"meta-nav\">&rarr;<\/span><\/a><\/p>\n","protected":false},"author":1,"featured_media":0,"parent":0,"menu_order":0,"comment_status":"closed","ping_status":"closed","template":"","meta":{"footnotes":""},"class_list":["post-546","page","type-page","status-publish","hentry"],"_links":{"self":[{"href":"https:\/\/ecole-ohara-lyon.com\/index.php\/wp-json\/wp\/v2\/pages\/546","targetHints":{"allow":["GET"]}}],"collection":[{"href":"https:\/\/ecole-ohara-lyon.com\/index.php\/wp-json\/wp\/v2\/pages"}],"about":[{"href":"https:\/\/ecole-ohara-lyon.com\/index.php\/wp-json\/wp\/v2\/types\/page"}],"author":[{"embeddable":true,"href":"https:\/\/ecole-ohara-lyon.com\/index.php\/wp-json\/wp\/v2\/users\/1"}],"replies":[{"embeddable":true,"href":"https:\/\/ecole-ohara-lyon.com\/index.php\/wp-json\/wp\/v2\/comments?post=546"}],"version-history":[{"count":26,"href":"https:\/\/ecole-ohara-lyon.com\/index.php\/wp-json\/wp\/v2\/pages\/546\/revisions"}],"predecessor-version":[{"id":652,"href":"https:\/\/ecole-ohara-lyon.com\/index.php\/wp-json\/wp\/v2\/pages\/546\/revisions\/652"}],"wp:attachment":[{"href":"https:\/\/ecole-ohara-lyon.com\/index.php\/wp-json\/wp\/v2\/media?parent=546"}],"curies":[{"name":"wp","href":"https:\/\/api.w.org\/{rel}","templated":true}]}}