{"id":373,"date":"2022-06-20T18:56:21","date_gmt":"2022-06-20T16:56:21","guid":{"rendered":"https:\/\/ecole-ohara-lyon.com\/?page_id=373"},"modified":"2024-11-28T21:35:44","modified_gmt":"2024-11-28T20:35:44","slug":"bienvenue-sur-le-site-de-lassociation-dart-floral-japonais-de-lyon","status":"publish","type":"page","link":"https:\/\/ecole-ohara-lyon.com\/","title":{"rendered":"Bienvenue sur le site de\u00a0l\u2019association d\u2019Art Floral Japonais &#8211; Chapitre LYON KIKU &#8211;"},"content":{"rendered":"\n<p><br>L\u2019Ikebana  est  un  art  traditionnel,  pratiqu\u00e9  au  Japon  depuis  plus  de  600\u00a0 ans.<br>Cet  art  prend  son  origine  dans  l\u2019offrande  de  fleurs  dans  les  temples.\u00a0<br>Au\u00a0fil\u00a0 des si\u00e8cles\u00a0 son\u00a0 \u00e9volution\u00a0 a\u00a0 donn\u00e9\u00a0 naissance\u00a0 de\u00a0 nombreuses\u00a0 \u00e9coles,\u00a0 dont\u00a0 l\u2019\u00c9cole Ohara en 1895 port\u00e9e par le grand mouvement d&rsquo;ouverture de l&rsquo;\u00e8re Meiji.<br>Le\u00a0 mot\u00a0 Ikebana\u00a0 peut\u00a0 se\u00a0 traduire\u00a0 par \u00ab\u00a0l\u2019Art de faire vivre les fleurs \u00bb.<\/p>\n\n\n\n<p>1972 &#8211; 2022 l&rsquo;Association d&rsquo;Art Floral Japonais vient de c\u00e9l\u00e9brer ses 50 ans. Retrouvez ci-dessous les temps forts de cette journ\u00e9e &#8230; <\/p>\n\n\n\n<p><br><\/p>\n\n\n\n<figure class=\"wp-block-video\"><video height=\"1080\" style=\"aspect-ratio: 1920 \/ 1080;\" width=\"1920\" controls src=\"https:\/\/ecole-ohara-lyon.com\/wp-content\/uploads\/2022\/12\/50-ans-Ecole-OHARA-VSITE.mp4\"><\/video><\/figure>\n","protected":false},"excerpt":{"rendered":"<p>L\u2019Ikebana est un art traditionnel, pratiqu\u00e9 au Japon depuis plus de 600\u00a0 ans.Cet art prend son origine dans l\u2019offrande de fleurs dans les temples.\u00a0Au\u00a0fil\u00a0 des si\u00e8cles\u00a0 son\u00a0 \u00e9volution\u00a0 a\u00a0 donn\u00e9\u00a0 naissance\u00a0 de\u00a0 nombreuses\u00a0 \u00e9coles,\u00a0 dont\u00a0 l\u2019\u00c9cole Ohara en 1895 port\u00e9e &hellip; <a href=\"https:\/\/ecole-ohara-lyon.com\/\">Continuer la lecture <span class=\"meta-nav\">&rarr;<\/span><\/a><\/p>\n","protected":false},"author":1,"featured_media":0,"parent":0,"menu_order":0,"comment_status":"closed","ping_status":"closed","template":"","meta":{"footnotes":""},"class_list":["post-373","page","type-page","status-publish","hentry"],"_links":{"self":[{"href":"https:\/\/ecole-ohara-lyon.com\/index.php\/wp-json\/wp\/v2\/pages\/373","targetHints":{"allow":["GET"]}}],"collection":[{"href":"https:\/\/ecole-ohara-lyon.com\/index.php\/wp-json\/wp\/v2\/pages"}],"about":[{"href":"https:\/\/ecole-ohara-lyon.com\/index.php\/wp-json\/wp\/v2\/types\/page"}],"author":[{"embeddable":true,"href":"https:\/\/ecole-ohara-lyon.com\/index.php\/wp-json\/wp\/v2\/users\/1"}],"replies":[{"embeddable":true,"href":"https:\/\/ecole-ohara-lyon.com\/index.php\/wp-json\/wp\/v2\/comments?post=373"}],"version-history":[{"count":11,"href":"https:\/\/ecole-ohara-lyon.com\/index.php\/wp-json\/wp\/v2\/pages\/373\/revisions"}],"predecessor-version":[{"id":742,"href":"https:\/\/ecole-ohara-lyon.com\/index.php\/wp-json\/wp\/v2\/pages\/373\/revisions\/742"}],"wp:attachment":[{"href":"https:\/\/ecole-ohara-lyon.com\/index.php\/wp-json\/wp\/v2\/media?parent=373"}],"curies":[{"name":"wp","href":"https:\/\/api.w.org\/{rel}","templated":true}]}}