{"id":183,"date":"2022-05-13T19:25:51","date_gmt":"2022-05-13T17:25:51","guid":{"rendered":"https:\/\/ecole-ohara-lyon.com\/?page_id=183"},"modified":"2025-07-21T21:18:32","modified_gmt":"2025-07-21T19:18:32","slug":"niveau-perfectionnement-3e-degre","status":"publish","type":"page","link":"https:\/\/ecole-ohara-lyon.com\/index.php\/les-cours\/niveau-perfectionnement-3e-degre\/","title":{"rendered":"Niveau Perfectionnement 3e degr\u00e9 2025\/2026"},"content":{"rendered":"\n<p>Ce niveau est accessible aux \u00e9l\u00e8ves ayant r\u00e9alis\u00e9 le cycle P2 et pratiqu\u00e9 l\u2019Ikebana pendant au moins 7 ans. Il permet de conforter les acquis, d\u2019aborder des compositions plus complexes : Hana Ma\u00ef et Hana Kanade et de commencer \u00e0 d\u00e9couvrir, apr\u00e8s les paysages traditionnels,  la s\u00e9rie des paysages r\u00e9lalistes.<br>A l\u2019issue du cycle P3, on peut obtenir le Dipl\u00f4me d\u2019Instructeur apr\u00e8s un minimum de 48 cours.<\/p>\n\n\n\n<p class=\"has-text-align-left\">Quatre cours sont propos\u00e9s :<br><strong>&#8211; le mardi de 11h \u00e0 13h<br><strong>&#8211; le mardi de 14h \u00e0 16h<\/strong><\/strong><br><strong>&#8211; le mardi de 16h30 \u00e0 18h30<br>&#8211; le mardi de 19h \u00e0 21h<\/strong><\/p>\n\n\n\n<p>Programmation des 10 cours pour l&rsquo;ann\u00e9e 2025\/2026 : <br>9 septembre 2025 &#8211; 30 septembre &#8211; 04 novembre &#8211; 2 d\u00e9cembre &#8211; 13 janvier 2026 &#8211; 3 f\u00e9vrier &#8211; 10 mars &#8211; 31 mars &#8211; 5 mai &#8211; 2 juin.<\/p>\n\n\n\n<p>Tarifs 2025\/2026 : 260\u20ac (10 cours 240\u20ac + adh\u00e9sion 20\u20ac)<\/p>\n\n\n\n<figure class=\"wp-block-gallery has-nested-images columns-default is-cropped wp-block-gallery-1 is-layout-flex wp-block-gallery-is-layout-flex\">\n<figure class=\"wp-block-image size-large\"><img loading=\"lazy\" decoding=\"async\" width=\"1024\" height=\"1024\" data-id=\"597\" src=\"https:\/\/ecole-ohara-lyon.com\/wp-content\/uploads\/2022\/07\/IMG_20220317_211910-1024x1024.jpg\" alt=\"\" class=\"wp-image-597\" srcset=\"https:\/\/ecole-ohara-lyon.com\/wp-content\/uploads\/2022\/07\/IMG_20220317_211910-1024x1024.jpg 1024w, https:\/\/ecole-ohara-lyon.com\/wp-content\/uploads\/2022\/07\/IMG_20220317_211910-300x300.jpg 300w, https:\/\/ecole-ohara-lyon.com\/wp-content\/uploads\/2022\/07\/IMG_20220317_211910-150x150.jpg 150w, https:\/\/ecole-ohara-lyon.com\/wp-content\/uploads\/2022\/07\/IMG_20220317_211910-768x769.jpg 768w, https:\/\/ecole-ohara-lyon.com\/wp-content\/uploads\/2022\/07\/IMG_20220317_211910-1534x1536.jpg 1534w, https:\/\/ecole-ohara-lyon.com\/wp-content\/uploads\/2022\/07\/IMG_20220317_211910-2046x2048.jpg 2046w\" sizes=\"auto, (max-width: 1024px) 100vw, 1024px\" \/><\/figure>\n\n\n\n<figure class=\"wp-block-image size-large\"><img loading=\"lazy\" decoding=\"async\" width=\"1022\" height=\"1024\" data-id=\"316\" src=\"https:\/\/ecole-ohara-lyon.com\/wp-content\/uploads\/2022\/06\/IMG_20220321_224516-1-1022x1024.jpg\" alt=\"\" class=\"wp-image-316\" srcset=\"https:\/\/ecole-ohara-lyon.com\/wp-content\/uploads\/2022\/06\/IMG_20220321_224516-1-1022x1024.jpg 1022w, https:\/\/ecole-ohara-lyon.com\/wp-content\/uploads\/2022\/06\/IMG_20220321_224516-1-300x300.jpg 300w, https:\/\/ecole-ohara-lyon.com\/wp-content\/uploads\/2022\/06\/IMG_20220321_224516-1-150x150.jpg 150w, https:\/\/ecole-ohara-lyon.com\/wp-content\/uploads\/2022\/06\/IMG_20220321_224516-1-768x769.jpg 768w, https:\/\/ecole-ohara-lyon.com\/wp-content\/uploads\/2022\/06\/IMG_20220321_224516-1-1534x1536.jpg 1534w, https:\/\/ecole-ohara-lyon.com\/wp-content\/uploads\/2022\/06\/IMG_20220321_224516-1-2045x2048.jpg 2045w\" sizes=\"auto, (max-width: 1022px) 100vw, 1022px\" \/><\/figure>\n<\/figure>\n\n\n\n<div class=\"wp-block-buttons is-layout-flex wp-block-buttons-is-layout-flex\">\n<div class=\"wp-block-button\"><a class=\"wp-block-button__link wp-element-button\" href=\"https:\/\/ecole-ohara-lyon.com\/index.php\/les-cours\/\">Retour<\/a><\/div>\n<\/div>\n","protected":false},"excerpt":{"rendered":"<p>Ce niveau est accessible aux \u00e9l\u00e8ves ayant r\u00e9alis\u00e9 le cycle P2 et pratiqu\u00e9 l\u2019Ikebana pendant au moins 7 ans. Il permet de conforter les acquis, d\u2019aborder des compositions plus complexes : Hana Ma\u00ef et Hana Kanade et de commencer \u00e0 &hellip; <a href=\"https:\/\/ecole-ohara-lyon.com\/index.php\/les-cours\/niveau-perfectionnement-3e-degre\/\">Continuer la lecture <span class=\"meta-nav\">&rarr;<\/span><\/a><\/p>\n","protected":false},"author":1,"featured_media":0,"parent":80,"menu_order":0,"comment_status":"closed","ping_status":"closed","template":"","meta":{"footnotes":""},"class_list":["post-183","page","type-page","status-publish","hentry"],"_links":{"self":[{"href":"https:\/\/ecole-ohara-lyon.com\/index.php\/wp-json\/wp\/v2\/pages\/183","targetHints":{"allow":["GET"]}}],"collection":[{"href":"https:\/\/ecole-ohara-lyon.com\/index.php\/wp-json\/wp\/v2\/pages"}],"about":[{"href":"https:\/\/ecole-ohara-lyon.com\/index.php\/wp-json\/wp\/v2\/types\/page"}],"author":[{"embeddable":true,"href":"https:\/\/ecole-ohara-lyon.com\/index.php\/wp-json\/wp\/v2\/users\/1"}],"replies":[{"embeddable":true,"href":"https:\/\/ecole-ohara-lyon.com\/index.php\/wp-json\/wp\/v2\/comments?post=183"}],"version-history":[{"count":19,"href":"https:\/\/ecole-ohara-lyon.com\/index.php\/wp-json\/wp\/v2\/pages\/183\/revisions"}],"predecessor-version":[{"id":770,"href":"https:\/\/ecole-ohara-lyon.com\/index.php\/wp-json\/wp\/v2\/pages\/183\/revisions\/770"}],"up":[{"embeddable":true,"href":"https:\/\/ecole-ohara-lyon.com\/index.php\/wp-json\/wp\/v2\/pages\/80"}],"wp:attachment":[{"href":"https:\/\/ecole-ohara-lyon.com\/index.php\/wp-json\/wp\/v2\/media?parent=183"}],"curies":[{"name":"wp","href":"https:\/\/api.w.org\/{rel}","templated":true}]}}