{"id":155,"date":"2022-05-13T19:11:53","date_gmt":"2022-05-13T17:11:53","guid":{"rendered":"https:\/\/ecole-ohara-lyon.com\/?page_id=155"},"modified":"2025-05-02T22:42:12","modified_gmt":"2025-05-02T20:42:12","slug":"niveau-introduction-a-likebana","status":"publish","type":"page","link":"https:\/\/ecole-ohara-lyon.com\/index.php\/les-cours\/niveau-introduction-a-likebana\/","title":{"rendered":"Niveau Introduction \u00e0 l&rsquo;Ikebana 2025\/2026"},"content":{"rendered":"\n<p>Aucune connaissance pr\u00e9alable n\u2019est requise pour ce niveau. <br>Il permet de d\u00e9couvrir les bases de l\u2019ikebana avec les Hana-Isho (dessin de fleurs). <br>A l\u2019issue de ces 10 cours, vous pourrez int\u00e9grer le niveau Perfectionnement 1<sup>er<\/sup> degr\u00e9 pour d\u00e9couvrir les autres compositions.<\/p>\n\n\n\n<p>Quatre cours seront propos\u00e9s pour l&rsquo;ann\u00e9e 2025\/2026 :<br><br><strong>&#8211; le lundi de 14h \u00e0 16h<\/strong><br>22 septembre 2025, 13 octobre, 24 novembre, 5 janvier 2026, 26 janvier, 2 mars, 23 mars, 27 avril, 18 mai, 115 juin<\/p>\n\n\n\n<p><strong>&#8211; le lundi de 19h \u00e0 21h<\/strong><br>22 septembre 2025, 13 octobre, 24 novembre, 5 janvier 2026, 26 janvier, 2 mars, 23 mars, 27 avril, 18 mai, 115 juin<\/p>\n\n\n\n<p><br><strong>&#8211; le mardi de 14h \u00e0 16h<\/strong><br>23 septembre 2025, 14 octobre, 25 novembre, 6 janvier 2026, 27 janvier, 3 mars, 24 mars, 28 avril, 19 mai, 16 juin<\/p>\n\n\n\n<p><strong>&#8211; le mardi de 19h \u00e0 21h<\/strong><br>23 septembre 2025, 14 octobre, 25 novembre, 6 janvier 2026, 27 janvier, 3 mars, 24 mars, 28 avril, 19 mai, 16 juin<\/p>\n\n\n\n<p>Tarifs 2025\/2026 : 220\u20ac (10 cours 200\u20ac + adh\u00e9sion 20\u20ac)<\/p>\n\n\n\n<div class=\"wp-block-file\"><a id=\"wp-block-file--media-32ec2023-fe41-4685-9c80-406a490d10b9\" href=\"https:\/\/ecole-ohara-lyon.com\/wp-content\/uploads\/2024\/06\/CIRCULAIRE-WEB-INTRO-annee-2024-2025.pdf\" target=\"_blank\" rel=\"noreferrer noopener\">CIRCULAIRE-WEB-INTRO-annee-2024-2025<\/a><\/div>\n\n\n\n<div class=\"wp-block-buttons is-layout-flex wp-block-buttons-is-layout-flex\">\n<div class=\"wp-block-button\"><a class=\"wp-block-button__link wp-element-button\" href=\"http:\/\/<iframe id=&quot;haWidget&quot; allowtransparency=&quot;true&quot; src=&quot;https:\/\/www.helloasso.com\/associations\/ecole-ohara-lyon\/adhesions\/cours-d-introduction-a-l-ikebana-2025-2026\/widget-bouton&quot; style=&quot;width: 100%; height: 70px; border: none;&quot;&gt;<\/iframe&gt;\">Inscription via HelloAsso<\/a><\/div>\n<\/div>\n\n\n\n<figure class=\"wp-block-gallery has-nested-images columns-default is-cropped wp-block-gallery-1 is-layout-flex wp-block-gallery-is-layout-flex\">\n<figure class=\"wp-block-image size-large\"><img loading=\"lazy\" decoding=\"async\" width=\"1024\" height=\"768\" data-id=\"587\" src=\"https:\/\/ecole-ohara-lyon.com\/wp-content\/uploads\/2022\/07\/IMG_20210709_161221-1024x768.jpg\" alt=\"\" class=\"wp-image-587\" srcset=\"https:\/\/ecole-ohara-lyon.com\/wp-content\/uploads\/2022\/07\/IMG_20210709_161221-1024x768.jpg 1024w, https:\/\/ecole-ohara-lyon.com\/wp-content\/uploads\/2022\/07\/IMG_20210709_161221-300x225.jpg 300w, https:\/\/ecole-ohara-lyon.com\/wp-content\/uploads\/2022\/07\/IMG_20210709_161221-768x576.jpg 768w, https:\/\/ecole-ohara-lyon.com\/wp-content\/uploads\/2022\/07\/IMG_20210709_161221.jpg 1252w\" sizes=\"auto, (max-width: 1024px) 100vw, 1024px\" \/><\/figure>\n\n\n\n<figure class=\"wp-block-image size-large\"><img loading=\"lazy\" decoding=\"async\" width=\"2489\" height=\"2489\" data-id=\"588\" src=\"https:\/\/ecole-ohara-lyon.com\/wp-content\/uploads\/2022\/07\/IMG_20220222_202357.jpg\" alt=\"\" class=\"wp-image-588\" srcset=\"https:\/\/ecole-ohara-lyon.com\/wp-content\/uploads\/2022\/07\/IMG_20220222_202357.jpg 2489w, https:\/\/ecole-ohara-lyon.com\/wp-content\/uploads\/2022\/07\/IMG_20220222_202357-300x300.jpg 300w, https:\/\/ecole-ohara-lyon.com\/wp-content\/uploads\/2022\/07\/IMG_20220222_202357-1024x1024.jpg 1024w, https:\/\/ecole-ohara-lyon.com\/wp-content\/uploads\/2022\/07\/IMG_20220222_202357-150x150.jpg 150w, https:\/\/ecole-ohara-lyon.com\/wp-content\/uploads\/2022\/07\/IMG_20220222_202357-768x768.jpg 768w, https:\/\/ecole-ohara-lyon.com\/wp-content\/uploads\/2022\/07\/IMG_20220222_202357-1536x1536.jpg 1536w, https:\/\/ecole-ohara-lyon.com\/wp-content\/uploads\/2022\/07\/IMG_20220222_202357-2048x2048.jpg 2048w\" sizes=\"auto, (max-width: 2489px) 100vw, 2489px\" \/><\/figure>\n<\/figure>\n\n\n\n<div class=\"wp-block-buttons is-layout-flex wp-block-buttons-is-layout-flex\">\n<div class=\"wp-block-button\"><a class=\"wp-block-button__link wp-element-button\" href=\"https:\/\/ecole-ohara-lyon.com\/index.php\/les-cours\/\">Retour<\/a><\/div>\n<\/div>\n\n\n\n<p><\/p>\n","protected":false},"excerpt":{"rendered":"<p>Aucune connaissance pr\u00e9alable n\u2019est requise pour ce niveau. Il permet de d\u00e9couvrir les bases de l\u2019ikebana avec les Hana-Isho (dessin de fleurs). A l\u2019issue de ces 10 cours, vous pourrez int\u00e9grer le niveau Perfectionnement 1er degr\u00e9 pour d\u00e9couvrir les autres &hellip; <a href=\"https:\/\/ecole-ohara-lyon.com\/index.php\/les-cours\/niveau-introduction-a-likebana\/\">Continuer la lecture <span class=\"meta-nav\">&rarr;<\/span><\/a><\/p>\n","protected":false},"author":1,"featured_media":0,"parent":80,"menu_order":0,"comment_status":"closed","ping_status":"closed","template":"","meta":{"footnotes":""},"class_list":["post-155","page","type-page","status-publish","hentry"],"_links":{"self":[{"href":"https:\/\/ecole-ohara-lyon.com\/index.php\/wp-json\/wp\/v2\/pages\/155","targetHints":{"allow":["GET"]}}],"collection":[{"href":"https:\/\/ecole-ohara-lyon.com\/index.php\/wp-json\/wp\/v2\/pages"}],"about":[{"href":"https:\/\/ecole-ohara-lyon.com\/index.php\/wp-json\/wp\/v2\/types\/page"}],"author":[{"embeddable":true,"href":"https:\/\/ecole-ohara-lyon.com\/index.php\/wp-json\/wp\/v2\/users\/1"}],"replies":[{"embeddable":true,"href":"https:\/\/ecole-ohara-lyon.com\/index.php\/wp-json\/wp\/v2\/comments?post=155"}],"version-history":[{"count":37,"href":"https:\/\/ecole-ohara-lyon.com\/index.php\/wp-json\/wp\/v2\/pages\/155\/revisions"}],"predecessor-version":[{"id":767,"href":"https:\/\/ecole-ohara-lyon.com\/index.php\/wp-json\/wp\/v2\/pages\/155\/revisions\/767"}],"up":[{"embeddable":true,"href":"https:\/\/ecole-ohara-lyon.com\/index.php\/wp-json\/wp\/v2\/pages\/80"}],"wp:attachment":[{"href":"https:\/\/ecole-ohara-lyon.com\/index.php\/wp-json\/wp\/v2\/media?parent=155"}],"curies":[{"name":"wp","href":"https:\/\/api.w.org\/{rel}","templated":true}]}}